{"id":8128,"date":"2020-12-31T04:13:08","date_gmt":"2020-12-31T04:13:08","guid":{"rendered":"http:\/\/localhost\/delivcate\/?page_id=8128"},"modified":"2022-04-28T08:37:50","modified_gmt":"2022-04-28T08:37:50","slug":"notre-bureau","status":"publish","type":"page","link":"https:\/\/mounirbensalhaavocat.com\/ar\/notre-bureau","title":{"rendered":"\u0627\u0644\u0645\u0643\u062a\u0628"},"content":{"rendered":"\t\t<div data-elementor-type=\"wp-page\" data-elementor-id=\"8128\" class=\"elementor elementor-8128\">\n\t\t\t\t\t\t<section class=\"elementor-section elementor-top-section elementor-element elementor-element-08ff9a0 elementor-section-boxed elementor-section-height-default elementor-section-height-default\" data-id=\"08ff9a0\" data-element_type=\"section\" data-e-type=\"section\">\n\t\t\t\t\t\t<div class=\"elementor-container elementor-column-gap-default\">\n\t\t\t\t\t<div class=\"elementor-column elementor-col-100 elementor-top-column elementor-element elementor-element-af6639c\" data-id=\"af6639c\" data-element_type=\"column\" data-e-type=\"column\">\n\t\t\t<div class=\"elementor-widget-wrap\">\n\t\t\t\t\t\t\t<\/div>\n\t\t<\/div>\n\t\t\t\t\t<\/div>\n\t\t<\/section>\n\t\t\t\t<section class=\"elementor-section elementor-top-section elementor-element elementor-element-aae3281 elementor-section-boxed elementor-section-height-default elementor-section-height-default\" data-id=\"aae3281\" data-element_type=\"section\" data-e-type=\"section\">\n\t\t\t\t\t\t<div class=\"elementor-container elementor-column-gap-default\">\n\t\t\t\t\t<div class=\"elementor-column elementor-col-100 elementor-top-column elementor-element elementor-element-e9f2e1d\" data-id=\"e9f2e1d\" data-element_type=\"column\" data-e-type=\"column\">\n\t\t\t<div class=\"elementor-widget-wrap elementor-element-populated\">\n\t\t\t\t\t\t<div class=\"elementor-element elementor-element-0017cd9 elementor-widget elementor-widget-google_maps\" data-id=\"0017cd9\" data-element_type=\"widget\" data-e-type=\"widget\" data-widget_type=\"google_maps.default\">\n\t\t\t\t<div class=\"elementor-widget-container\">\n\t\t\t\t\t\t\t<div class=\"elementor-custom-embed\">\n\t\t\t<iframe loading=\"lazy\"\n\t\t\t\t\tsrc=\"https:\/\/maps.google.com\/maps?q=20%20Avenue%20des%20Etats-Unis%20d%20Am%C3%A9rique%2C%20tunis%20belv%C3%A9d%C3%A8re&#038;t=m&#038;z=10&#038;output=embed&#038;iwloc=near\"\n\t\t\t\t\ttitle=\"20 Avenue des Etats-Unis d Am\u00e9rique, tunis belv\u00e9d\u00e8re\"\n\t\t\t\t\taria-label=\"20 Avenue des Etats-Unis d Am\u00e9rique, tunis belv\u00e9d\u00e8re\"\n\t\t\t><\/iframe>\n\t\t<\/div>\n\t\t\t\t\t\t<\/div>\n\t\t\t\t<\/div>\n\t\t\t\t\t<\/div>\n\t\t<\/div>\n\t\t\t\t\t<\/div>\n\t\t<\/section>\n\t\t\t\t<\/div>\n\t\t","protected":false},"excerpt":{"rendered":"","protected":false},"author":1,"featured_media":0,"parent":0,"menu_order":0,"comment_status":"closed","ping_status":"closed","template":"template-home.php","meta":{"_monsterinsights_skip_tracking":false,"_monsterinsights_sitenote_active":false,"_monsterinsights_sitenote_note":"","_monsterinsights_sitenote_category":0,"footnotes":""},"class_list":["post-8128","page","type-page","status-publish","hentry"],"translation":{"provider":"WPGlobus","version":"3.0.2","language":"ar","enabled_languages":["fr","ar"],"languages":{"fr":{"title":true,"content":true,"excerpt":false},"ar":{"title":true,"content":false,"excerpt":false}}},"aioseo_notices":[],"jetpack_sharing_enabled":true,"_links":{"self":[{"href":"https:\/\/mounirbensalhaavocat.com\/ar\/wp-json\/wp\/v2\/pages\/8128","targetHints":{"allow":["GET"]}}],"collection":[{"href":"https:\/\/mounirbensalhaavocat.com\/ar\/wp-json\/wp\/v2\/pages"}],"about":[{"href":"https:\/\/mounirbensalhaavocat.com\/ar\/wp-json\/wp\/v2\/types\/page"}],"author":[{"embeddable":true,"href":"https:\/\/mounirbensalhaavocat.com\/ar\/wp-json\/wp\/v2\/users\/1"}],"replies":[{"embeddable":true,"href":"https:\/\/mounirbensalhaavocat.com\/ar\/wp-json\/wp\/v2\/comments?post=8128"}],"version-history":[{"count":8,"href":"https:\/\/mounirbensalhaavocat.com\/ar\/wp-json\/wp\/v2\/pages\/8128\/revisions"}],"predecessor-version":[{"id":15850,"href":"https:\/\/mounirbensalhaavocat.com\/ar\/wp-json\/wp\/v2\/pages\/8128\/revisions\/15850"}],"wp:attachment":[{"href":"https:\/\/mounirbensalhaavocat.com\/ar\/wp-json\/wp\/v2\/media?parent=8128"}],"curies":[{"name":"wp","href":"https:\/\/api.w.org\/{rel}","templated":true}]}}