{"id":9954,"date":"2021-01-19T10:47:18","date_gmt":"2021-01-19T10:47:18","guid":{"rendered":"http:\/\/localhost\/roxien\/?page_id=9954"},"modified":"2022-05-11T14:06:34","modified_gmt":"2022-05-11T14:06:34","slug":"domaines-de-competences","status":"publish","type":"page","link":"https:\/\/mounirbensalhaavocat.com\/ar\/domaines-de-competences","title":{"rendered":"\u0627\u0644\u0627\u062e\u062a\u0635\u0627\u0635\u0627\u062a"},"content":{"rendered":"<p><!-- title center --><br \/>\n\t\t\t\t\t\t\t<!--Divider --><br \/>\n\t\t\t\t\t\t\t<!-- icon position --><br \/>\n\t\t\t\t\t\t\t<!-- end icon position --><br \/>\n\t\t\t\t\t\t\t<!-- title top --><br \/>\n\t\t\t\t\t\t\t<!-- icon position --><br \/>\n\t\t\t\t\t\t\t<!-- end icon position --><br \/>\n\t\t\t\t\t\t\t<!-- title middle --><\/p>\n<h3>\u0627\u0644\u0627\u062e\u062a\u0635\u0627\u0635\u0627\u062a<\/h3>\n<p>\t\t\t\t\t\t\t\t\t\t\t\t\t\t<!-- title bottom --><br \/>\n\t\t\t\t\t\t\t<!-- image --><br \/>\n\t\t\t\t\t\t\t\t\t\t\t\t\t\t<!-- icon --><br \/>\n\t\t\t\t\t\t\t<!-- bar --><br \/>\n\t\t\t\t\t\t\t\t\t\t\t\t\t\t<!-- circle bar --><br \/>\n\t\t\t\t\t\t\t<!-- content --><br \/>\n\t\t\t\t\t\t\t<!-- inner title --><\/p>\n<h4>Features<\/h4>\n<p>\t\t\t\t\t\t\t<!-- image --><br \/>\n\t\t\t\t\t\t\t\t\t<!-- icon --><br \/>\n\t\t\t\t\t\t\t\t\t<!-- custom icon --><br \/>\n\t\t\t\t\t\t\t\t\t\t\t\t\t\t\t\t\t\t<!-- image --><br \/>\n\t\t\t\t\t\t\t\t\t<!-- title --><\/p>\n<h3>\u0627\u0644\u0642\u0627\u0646\u0648\u0646 \u0627\u0644\u062c\u0632\u0627\u0626\u064a<br \/>\n <\/h3>\n<p>\t\t\t\t\t\t\t\t\t\t\t\t\t\t\t\t\t\t\t\t\t\t\t\t\t\t\t<!-- content --><\/p>\n<p> \u064a\u062a\u062f\u062e\u0644 \u0627\u0644\u0627\u0633\u062a\u0627\u0630 \u0645\u0646\u064a\u0631 \u0628\u0646 \u0635\u0627\u0644\u062d\u0629 \u0641\u064a \u062c\u0645\u064a\u0639 \u0645\u0631\u0627\u062d\u0644 \u0627\u0644\u0625\u062c\u0631\u0627\u0621\u0627\u062a \u0627\u0644\u062c\u0646\u0627\u0626\u064a\u0629<br \/>\n\u0645\u0631\u062d\u0644\u0629 \u0627\u0644\u062a\u062d\u0642\u064a\u0642<br \/>\n\u0645\u0631\u062d\u0644\u0629 \u0627\u0644\u062a\u0642\u0627\u0636\u064a \u060c \u0623\u064a \u0627\u0644\u0645\u062b\u0648\u0644 \u0623\u0645\u0627\u0645 \u0627\u0644\u0645\u062d\u0643\u0645\u0629 \u0627\u0644\u0645\u062e\u062a\u0635\u0629 (\u0641\u064a \u0627\u0644\u062f\u0631\u062c\u0629 \u0627\u0644\u0623\u0648\u0644\u0649 \u0623\u0648 \u0639\u0646\u062f \u0627\u0644\u0627\u0633\u062a\u0626\u0646\u0627\u0641) \u2022<br \/>\n\u0645\u0631\u062d\u0644\u0629 \u062a\u0646\u0641\u064a\u0630 \u0627\u0644\u0639\u0642\u0648\u0628\u0629 \u0638\u0631\u0648\u0641 \u0627\u0644\u0627\u062d\u062a\u062c\u0627\u0632 \u0648 \/ \u0623\u0648 \u062a\u0637\u0628\u064a\u0642 \u0627\u0644\u0623\u062d\u0643\u0627\u0645<br \/>\n\u064a\u0645\u062b\u0644 \u0627\u0644\u0627\u0633\u062a\u0627\u0630 \u0645\u0646\u064a\u0631 \u0628\u0646 \u0635\u0627\u0644\u062d\u0629 \u0627\u0644\u0645\u062f\u0639\u0649 \u0639\u0644\u064a\u0647\u0645 \u0623\u0648 \u0636\u062d\u0627\u064a\u0627 \u0627\u0644\u0645\u062e\u0627\u0644\u0641\u0627\u062a \u0623\u0648 \u0627\u0644\u062c\u0646\u062d \u0623\u0648 \u0627\u0644\u062c\u0631\u0627\u0626\u0645<br \/>\n\u064a\u0633\u0627\u0639\u062f \u0627\u0644\u0645\u0646\u0648\u0628 \u0639\u0644\u0649 \u0641\u0647\u0645 \u0645\u0627 \u0647\u0648 \u0639\u0644\u0649 \u0627\u0644\u0645\u062d\u0643 \u0641\u064a \u0642\u0636\u064a\u062a\u0647<br \/>\n\u064a\u0631\u0634\u062f \u0627\u0644\u0645\u0646\u0648\u0628 \u062e\u0644\u0627\u0644 \u0627\u0644\u0645\u0631\u0627\u062d\u0644 \u0627\u0644\u0645\u062e\u062a\u0644\u0641\u0629 \u0644\u0644\u0625\u062c\u0631\u0627\u0621 \u060c \u0628\u064a \u064a\u0639\u062f \u0627\u0633\u062a\u0631\u0627\u062a\u064a\u062c\u064a\u0629 \u0641\u0639\u0627\u0644\u0629 \u062a\u0636\u0645\u0646 \u0627\u0644\u0628\u0631\u0627\u0621\u0629 \u0627\u0648 \u0627\u0644\u062a\u062e\u0641\u064a\u0641 \u0641\u064a \u0627\u0644\u0639\u0642\u0648\u0628\u0629 <\/p>\n<p>\t\t\t\t\t\t\t\t<!-- button --><br \/>\n\t\t\t\t\t\t\t<!-- image --><br \/>\n\t\t\t\t\t\t\t\t\t<!-- icon --><br \/>\n\t\t\t\t\t\t\t\t\t<!-- custom icon --><br \/>\n\t\t\t\t\t\t\t\t\t\t\t\t\t\t\t\t\t\t<!-- image --><br \/>\n\t\t\t\t\t\t\t\t\t<!-- title --><\/p>\n<h3>\u0642\u0627\u0646\u0648\u0646 \u0627\u0644\u0639\u0627\u0626\u0644\u0629 <\/h3>\n<p>\t\t\t\t\t\t\t\t\t\t\t\t\t\t\t\t\t\t\t\t\t\t\t\t\t\t\t<!-- content --><\/p>\n<p>\n\u0627\u0644\u0637\u0644\u0627\u0642 \u060c \u0627\u0644\u0646\u0641\u0642\u0629 \u060c \u062d\u0636\u0627\u0646\u0629 \u0627\u0644\u0637\u0641\u0644 \u060c \u0627\u0644\u062a\u0642\u0627\u062f\u064a\u0645\u060c \u062a\u0635\u0641\u064a\u0629 \u0627\u0644\u0623\u0646\u0638\u0645\u0629 \u0627\u0644\u0632\u0648\u062c\u064a\u0629 <\/p>\n<p>\t\t\t\t\t\t\t\t<!-- button --><br \/>\n\t\t\t\t\t\t\t<!-- image --><br \/>\n\t\t\t\t\t\t\t\t\t<!-- icon --><br \/>\n\t\t\t\t\t\t\t\t\t<!-- custom icon --><br \/>\n\t\t\t\t\t\t\t\t\t\t\t\t\t\t\t\t\t\t<!-- image --><br \/>\n\t\t\t\t\t\t\t\t\t<!-- title --><\/p>\n<h3>\u0642\u0627\u0646\u0648\u0646 \u0627\u0644\u062a\u0627\u0645\u064a\u0646 \u0648\u0627\u0644\u0645\u0633\u0624\u0648\u0644\u064a\u0629 \u0627\u0644\u0645\u062f\u0646\u064a\u0629<br \/>\n <\/h3>\n<p>\t\t\t\t\t\t\t\t\t\t\t\t\t\t\t\t\t\t\t\t\t\t\t\t\t\t\t<!-- content --><\/p>\n<p>\u062d\u0648\u0627\u062f\u062b \u0627\u0644\u0645\u0631\u0648\u0631 \u060c \u0627\u0644\u062a\u0639\u0648\u064a\u0636 \u0639\u0646 \u0627\u0644\u0625\u0635\u0627\u0628\u0629 \u0627\u0644\u062c\u0633\u062f\u064a\u0629 \u0648 \u0627\u0644\u0623\u0636\u0631\u0627\u0631 \u0627\u0644\u0645\u0639\u0646\u0648\u064a\u0629\u060c \u0627\u0644\u0645\u0633\u0624\u0648\u0644\u064a\u0629 \u0627\u0644\u0645\u062f\u0646\u064a\u0629 &#8230; <\/p>\n<p>\t\t\t\t\t\t\t\t<!-- button --><br \/>\n\t\t\t\t\t\t\t<!-- image --><br \/>\n\t\t\t\t\t\t\t\t\t<!-- icon --><br \/>\n\t\t\t\t\t\t\t\t\t<!-- custom icon --><br \/>\n\t\t\t\t\t\t\t\t\t\t\t\t\t\t\t\t\t\t<!-- image --><br \/>\n\t\t\t\t\t\t\t\t\t<!-- title --><\/p>\n<h3>\u0627\u0644\u0642\u0627\u0646\u0648\u0646 \u0627\u0644\u0639\u0642\u0627\u0631\u064a <\/h3>\n<p>\t\t\t\t\t\t\t\t\t\t\t\t\t\t\t\t\t\t\t\t\t\t\t\t\t\t\t<!-- content --><\/p>\n<p>\u0642\u0627\u0646\u0648\u0646 \u0627\u0644\u0628\u0646\u0627\u0621 \u060c \u0627\u0644\u0625\u064a\u062c\u0627\u0631\u0627\u062a \u0627\u0644\u0633\u0643\u0646\u064a\u0629 (\u0627\u0644\u0625\u064a\u062c\u0627\u0631\u0627\u062a \u063a\u064a\u0631 \u0627\u0644\u0645\u062f\u0641\u0648\u0639\u0629 \u060c \u0627\u0644\u062a\u0642\u0627\u0636\u064a \u0627\u0644\u0625\u064a\u062c\u0627\u0631\u064a \u060c \u0627\u0644\u0625\u062e\u0644\u0627\u0621) \u060c \u0627\u0644\u0645\u0644\u0643\u064a\u0629 \u0627\u0644\u0645\u0634\u062a\u0631\u0643\u0629 \u060c \u0628\u064a\u0639 \u0627\u0644\u0639\u0642\u0627\u0631\u0627\u062a \u060c \u0627\u0644\u062e\u0631\u0648\u062c \u0645\u0646\u0627\u0644\u0645\u0644\u0643\u064a\u0629 \u0627\u0644\u0645\u0634\u062a\u0631\u0643\u0629 &#8230; <\/p>\n<p>\t\t\t\t\t\t\t\t<!-- button --><br \/>\n\t\t\t\t\t\t\t<!-- image --><br \/>\n\t\t\t\t\t\t\t\t\t<!-- icon --><br \/>\n\t\t\t\t\t\t\t\t\t<!-- custom icon --><br \/>\n\t\t\t\t\t\t\t\t\t\t\t\t\t\t\t\t\t\t<!-- image --><br \/>\n\t\t\t\t\t\t\t\t\t<!-- title --><\/p>\n<h3>\u0627\u0644\u0642\u0627\u0646\u0648\u0646 \u0627\u0644\u062a\u062c\u0627\u0631\u064a<br \/>\n <\/h3>\n<p>\t\t\t\t\t\t\t\t\t\t\t\t\t\t\t\t\t\t\t\t\t\t\t\t\t\t\t<!-- content --><\/p>\n<p>\u0627\u0644\u062a\u0642\u0627\u0636\u064a \u0628\u0634\u0623\u0646 \u0639\u0642\u0648\u062f \u0627\u0644\u0625\u064a\u062c\u0627\u0631 \u0627\u0644\u062a\u062c\u0627\u0631\u064a\u0629 \u060c \u0648\u0627\u0644\u062a\u0642\u0627\u0636\u064a \u0628\u0634\u0623\u0646 \u0627\u0644\u0639\u0642\u0648\u062f \u0627\u0644\u062a\u062c\u0627\u0631\u064a\u0629 \u060c \u0648\u0639\u062f\u0645 \u0627\u062d\u062a\u0631\u0627\u0645 \u0627\u0644\u0627\u0644\u062a\u0632\u0627\u0645\u0627\u062a \u0627\u0644\u062a\u0639\u0627\u0642\u062f\u064a\u0629 \u060c \u0648\u0627\u0633\u062a\u0631\u062f\u0627\u062f \u0627\u0644\u062f\u064a\u0648\u0646 &#8230; <\/p>\n<p>\t\t\t\t\t\t\t\t<!-- button --><br \/>\n\t\t\t\t\t\t\t<!-- image --><br \/>\n\t\t\t\t\t\t\t\t\t<!-- icon --><br \/>\n\t\t\t\t\t\t\t\t\t<!-- custom icon --><br \/>\n\t\t\t\t\t\t\t\t\t\t\t\t\t\t\t\t\t\t<!-- image --><br \/>\n\t\t\t\t\t\t\t\t\t<!-- title --><\/p>\n<h3>\u0642\u0627\u0646\u0648\u0646 \u0627\u0644\u0634\u063a\u0644<br \/>\n <\/h3>\n<p>\t\t\t\t\t\t\t\t\t\t\t\t\t\t\t\t\t\t\t\t\t\t\t\t\t\t\t<!-- content --><\/p>\n<p>\u0627\u0644\u0646\u064a\u0627\u0628\u0629 \u0623\u0645\u0627\u0645 \u0645\u062d\u0643\u0645\u0629 \u0627\u0644\u0634\u063a\u0644 \u060c \u0635\u064a\u0627\u063a\u0629 \u0645\u0630\u0643\u0631\u0627\u062a \u0627\u0644\u062a\u0641\u0627\u0647\u0645 \u0648\u0627\u0644\u0645\u0639\u0627\u0645\u0644\u0627\u062a \u060c \u0627\u0633\u062a\u0634\u0627\u0631\u0627\u062a \u0627\u0644\u0623\u0639\u0645\u0627\u0644 &#8230; <\/p>\n<p>\t\t\t\t\t\t\t\t<!-- button --><br \/>\n\t\t\t\t\t\t\t<!-- image --><br \/>\n\t\t\t\t\t\t\t\t\t<!-- icon --><br \/>\n\t\t\t\t\t\t\t\t\t<!-- custom icon --><br \/>\n\t\t\t\t\t\t\t\t\t\t\t\t\t\t\t\t\t\t<!-- image --><br \/>\n\t\t\t\t\t\t\t\t\t<!-- title --><\/p>\n<h3>\u0637\u0631\u0642 \u0627\u0644\u062a\u0646\u0641\u064a\u0630<br \/>\n <\/h3>\n<p>\t\t\t\t\t\t\t\t\t\t\t\t\t\t\t\t\t\t\t\t\t\t\t\t\t\t\t<!-- content --><\/p>\n<p>\n\u062a\u0646\u0641\u064a\u0630 \u0627\u0644\u0642\u0631\u0627\u0631\u0627\u062a \u0648\u0627\u0644\u0627\u0639\u062a\u0631\u0627\u0636 \u0639\u0644\u0649 \u0623\u0648\u0627\u0645\u0631 \u0627\u0644\u062f\u0641\u0639 &#8230; <\/p>\n<p>\t\t\t\t\t\t\t\t<!-- button --><br \/>\n\t\t\t\t\t\t\t\t<!-- title center --><br \/>\n\t\t\t\t\t\t\t<!--Divider --><br \/>\n\t\t\t\t\t\t\t<!-- icon position --><br \/>\n\t\t\t\t\t\t\t<!-- end icon position --><br \/>\n\t\t\t\t\t\t\t<!-- title top --><br \/>\n\t\t\t\t\t\t\t<!-- icon position --><br \/>\n\t\t\t\t\t\t\t<!-- end icon position --><br \/>\n\t\t\t\t\t\t\t<!-- title middle --><\/p>\n<h3>\n<\/h3>\n<p>\t\t\t\t\t\t\t\t\t\t\t\t\t\t<!-- title bottom --><\/p>\n<h1>\u0634\u0647\u0627\u062f\u0627\u062a<\/h1>\n<p>\t\t\t\t\t\t\t<!-- image --><br \/>\n\t\t\t\t\t\t\t\t\t\t\t\t\t\t<!-- icon --><br \/>\n\t\t\t\t\t\t\t<!-- bar --><br \/>\n\t\t\t\t\t\t\t\t\t\t\t\t\t\t<!-- circle bar --><br \/>\n\t\t\t\t\t\t\t<!-- content --><br \/>\n\t\t\t\t\t\t\t<!-- inner title --><\/p>\n<h4>Testimonial<\/h4>\n<p>\t\t\t\t\t\t<!-- SINGLE TEAM --><br \/>\n\t\t\t\t\t\t\t<!-- Start Single Testimonial --><\/p>\n<ul>\n<li>\n<h3>Excellent !!<\/h3>\n<\/li>\n<\/ul>\n<p>\t\t\t\t\t\t\t\t <!-- test part --><br \/>\n\t\t\t\t\t\t\t\t\t\t<!-- content -->\t<\/p>\n<p>Je recommande Maitre Mounir Ben Salha, pour son empathie, sa serviabilit\u00e9 et son professionnalisme.<\/p>\n<h2>K. B. R Fonctionnaire<\/h2>\n<p>\t\t\t\t\t\t<!-- SINGLE TEAM --><br \/>\n\t\t\t\t\t\t\t<!-- Start Single Testimonial --><\/p>\n<ul>\n<li>\n<h3>Excellent !!<\/h3>\n<\/li>\n<\/ul>\n<p>\t\t\t\t\t\t\t\t <!-- test part --><br \/>\n\t\t\t\t\t\t\t\t\t\t<!-- content -->\t<\/p>\n<p>Ma\u00eetre Mounir Ben Salha est un avocat tr\u00e8s s\u00e9rieux qui m&#8217;a beaucoup aid\u00e9e et m&#8217;a beaucoup conseill\u00e9e.<\/p>\n<h2>A. F. Femme au foyer<\/h2>\n<p>\t\t\t\t\t\t<!-- SINGLE TEAM --><br \/>\n\t\t\t\t\t\t\t<!-- Start Single Testimonial --><\/p>\n<ul>\n<li>\n<h3>Excellent !!<\/h3>\n<\/li>\n<\/ul>\n<p>\t\t\t\t\t\t\t\t <!-- test part --><br \/>\n\t\t\t\t\t\t\t\t\t\t<!-- content -->\t<\/p>\n<p>J&#8217;ai beaucoup appr\u00e9ci\u00e9 la prestation de a\u00eetre Mounir Ben Salha. La relation de confiance s&#8217;est vite install\u00e9e entre nous.<\/p>\n<h2>S. B. M. G\u00e9rant de soci\u00e9t\u00e9<\/h2>\n<p>\t\t\t\t\t\t<!-- SINGLE TEAM --><br \/>\n\t\t\t\t\t\t\t<!-- Start Single Testimonial --><\/p>\n<ul>\n<li>\n<h3>Excellent !!<\/h3>\n<\/li>\n<\/ul>\n<p>\t\t\t\t\t\t\t\t <!-- test part --><br \/>\n\t\t\t\t\t\t\t\t\t\t<!-- content -->\t<\/p>\n<p>Au travail, il est courageux, c\u2019est un homme qui se fatigue dans ce qu\u2019il fait et qui ne doit sa r\u00e9ussite qu\u2019\u00e0 lui-m\u00eame<\/p>\n<h2>N. B. Avocate<\/h2>\n","protected":false},"excerpt":{"rendered":"<p>\u0627\u0644\u0627\u062e\u062a\u0635\u0627\u0635\u0627\u062a Features \u0627\u0644\u0642\u0627\u0646\u0648\u0646 \u0627\u0644\u062c\u0632\u0627\u0626\u064a \u064a\u062a\u062f\u062e\u0644 \u0627\u0644\u0627\u0633\u062a\u0627\u0630 \u0645\u0646\u064a\u0631 \u0628\u0646 \u0635\u0627\u0644\u062d\u0629 \u0641\u064a \u062c\u0645\u064a\u0639 \u0645\u0631\u0627\u062d\u0644 \u0627\u0644\u0625\u062c\u0631\u0627\u0621\u0627\u062a \u0627\u0644\u062c\u0646\u0627\u0626\u064a\u0629 \u0645\u0631\u062d\u0644\u0629 \u0627\u0644\u062a\u062d\u0642\u064a\u0642 \u0645\u0631\u062d\u0644\u0629 \u0627\u0644\u062a\u0642\u0627\u0636\u064a \u060c \u0623\u064a \u0627\u0644\u0645\u062b\u0648\u0644 \u0623\u0645\u0627\u0645 \u0627\u0644\u0645\u062d\u0643\u0645\u0629 \u0627\u0644\u0645\u062e\u062a\u0635\u0629 (\u0641\u064a \u0627\u0644\u062f\u0631\u062c\u0629 \u0627\u0644\u0623\u0648\u0644\u0649 \u0623\u0648 \u0639\u0646\u062f \u0627\u0644\u0627\u0633\u062a\u0626\u0646\u0627\u0641) \u2022 \u0645\u0631\u062d\u0644\u0629 \u062a\u0646\u0641\u064a\u0630 \u0627\u0644\u0639\u0642\u0648\u0628\u0629 \u0638\u0631\u0648\u0641 \u0627\u0644\u0627\u062d\u062a\u062c\u0627\u0632 \u0648 \/ \u0623\u0648 \u062a\u0637\u0628\u064a\u0642 \u0627\u0644\u0623\u062d\u0643\u0627\u0645 \u064a\u0645\u062b\u0644 \u0627\u0644\u0627\u0633\u062a\u0627\u0630 \u0645\u0646\u064a\u0631 \u0628\u0646 \u0635\u0627\u0644\u062d\u0629 \u0627\u0644\u0645\u062f\u0639\u0649 \u0639\u0644\u064a\u0647\u0645 \u0623\u0648 \u0636\u062d\u0627\u064a\u0627 \u0627\u0644\u0645\u062e\u0627\u0644\u0641\u0627\u062a \u0623\u0648 \u0627\u0644\u062c\u0646\u062d \u0623\u0648 \u0627\u0644\u062c\u0631\u0627\u0626\u0645 [&hellip;]<\/p>\n","protected":false},"author":1,"featured_media":0,"parent":0,"menu_order":0,"comment_status":"closed","ping_status":"closed","template":"","meta":{"_monsterinsights_skip_tracking":false,"_monsterinsights_sitenote_active":false,"_monsterinsights_sitenote_note":"","_monsterinsights_sitenote_category":0,"footnotes":""},"class_list":["post-9954","page","type-page","status-publish","hentry"],"translation":{"provider":"WPGlobus","version":"3.0.2","language":"ar","enabled_languages":["fr","ar"],"languages":{"fr":{"title":true,"content":true,"excerpt":false},"ar":{"title":true,"content":true,"excerpt":false}}},"aioseo_notices":[],"jetpack_sharing_enabled":true,"_links":{"self":[{"href":"https:\/\/mounirbensalhaavocat.com\/ar\/wp-json\/wp\/v2\/pages\/9954","targetHints":{"allow":["GET"]}}],"collection":[{"href":"https:\/\/mounirbensalhaavocat.com\/ar\/wp-json\/wp\/v2\/pages"}],"about":[{"href":"https:\/\/mounirbensalhaavocat.com\/ar\/wp-json\/wp\/v2\/types\/page"}],"author":[{"embeddable":true,"href":"https:\/\/mounirbensalhaavocat.com\/ar\/wp-json\/wp\/v2\/users\/1"}],"replies":[{"embeddable":true,"href":"https:\/\/mounirbensalhaavocat.com\/ar\/wp-json\/wp\/v2\/comments?post=9954"}],"version-history":[{"count":43,"href":"https:\/\/mounirbensalhaavocat.com\/ar\/wp-json\/wp\/v2\/pages\/9954\/revisions"}],"predecessor-version":[{"id":16219,"href":"https:\/\/mounirbensalhaavocat.com\/ar\/wp-json\/wp\/v2\/pages\/9954\/revisions\/16219"}],"wp:attachment":[{"href":"https:\/\/mounirbensalhaavocat.com\/ar\/wp-json\/wp\/v2\/media?parent=9954"}],"curies":[{"name":"wp","href":"https:\/\/api.w.org\/{rel}","templated":true}]}}