{"id":16460,"date":"2023-05-05T14:50:49","date_gmt":"2023-05-05T14:50:49","guid":{"rendered":"https:\/\/mounirbensalhaavocat.com\/produit\/hoodie-with-logo"},"modified":"2023-05-05T14:52:15","modified_gmt":"2023-05-05T14:52:15","slug":"hoodie-with-logo","status":"publish","type":"product","link":"https:\/\/mounirbensalhaavocat.com\/ar\/produit\/hoodie-with-logo","title":{"rendered":"Consultation t\u00e9l\u00e9phonique en ligne"},"content":{"rendered":"<p>Consultation t\u00e9l\u00e9phonique en ligne <\/p>\n","protected":false},"excerpt":{"rendered":"<p>This is a simple product.<\/p>\n","protected":false},"featured_media":16459,"comment_status":"open","ping_status":"closed","template":"","meta":{"_monsterinsights_skip_tracking":false,"_monsterinsights_sitenote_active":false,"_monsterinsights_sitenote_note":"","_monsterinsights_sitenote_category":0},"product_brand":[],"product_cat":[68],"product_tag":[],"class_list":{"0":"post-16460","1":"product","2":"type-product","3":"status-publish","4":"has-post-thumbnail","6":"product_cat-hoodies","8":"first","9":"instock","10":"shipping-taxable","11":"purchasable","12":"product-type-simple"},"translation":{"provider":"WPGlobus","version":"3.0.2","language":"ar","enabled_languages":["fr","ar"],"languages":{"fr":{"title":true,"content":true,"excerpt":true},"ar":{"title":false,"content":false,"excerpt":false}}},"aioseo_notices":[],"jetpack_sharing_enabled":true,"_links":{"self":[{"href":"https:\/\/mounirbensalhaavocat.com\/ar\/wp-json\/wp\/v2\/product\/16460","targetHints":{"allow":["GET"]}}],"collection":[{"href":"https:\/\/mounirbensalhaavocat.com\/ar\/wp-json\/wp\/v2\/product"}],"about":[{"href":"https:\/\/mounirbensalhaavocat.com\/ar\/wp-json\/wp\/v2\/types\/product"}],"replies":[{"embeddable":true,"href":"https:\/\/mounirbensalhaavocat.com\/ar\/wp-json\/wp\/v2\/comments?post=16460"}],"wp:featuredmedia":[{"embeddable":true,"href":"https:\/\/mounirbensalhaavocat.com\/ar\/wp-json\/wp\/v2\/media\/16459"}],"wp:attachment":[{"href":"https:\/\/mounirbensalhaavocat.com\/ar\/wp-json\/wp\/v2\/media?parent=16460"}],"wp:term":[{"taxonomy":"product_brand","embeddable":true,"href":"https:\/\/mounirbensalhaavocat.com\/ar\/wp-json\/wp\/v2\/product_brand?post=16460"},{"taxonomy":"product_cat","embeddable":true,"href":"https:\/\/mounirbensalhaavocat.com\/ar\/wp-json\/wp\/v2\/product_cat?post=16460"},{"taxonomy":"product_tag","embeddable":true,"href":"https:\/\/mounirbensalhaavocat.com\/ar\/wp-json\/wp\/v2\/product_tag?post=16460"}],"curies":[{"name":"wp","href":"https:\/\/api.w.org\/{rel}","templated":true}]}}